{"id":21,"date":"2017-12-20T11:16:04","date_gmt":"2017-12-20T07:16:04","guid":{"rendered":"http:\/\/vestnik.rsu.edu.ru\/?page_id=21"},"modified":"2024-11-25T09:10:30","modified_gmt":"2024-11-25T06:10:30","slug":"editorial-staff","status":"publish","type":"page","link":"https:\/\/vestnik.rsu-rzn.ru\/en\/editorial-staff\/","title":{"rendered":"Editorial staff"},"content":{"rendered":"<p><strong>Bokov Dmitry Aleksndrovich &#8211; <\/strong>Candidate of Pedagogy, Acting Rector of Ryazan State University named for S. A. Yesenin <strong>(Chairman of the editorial staff)<\/strong><\/p>\n<p><strong>Reshetova Anna Anatolyevna<\/strong>\u00a0\u2013\u00a0Doctor of Philology, Professor in the Department of Literature and Journalism at Ryazan State University named for S.\u00a0A.\u00a0Yesenin (10.01.01 \u2013 Russian Literature) (<a href=\"https:\/\/vestnik.rsu-rzn.ru\/en\/chief-editor\/\"><strong>Editor<\/strong><\/a><strong>-in-Chief<\/strong><u>)<\/u><\/p>\n<p>&nbsp;<\/p>\n<p><strong>HISTORY<\/strong><\/p>\n<p><strong>Akimov Yury Germanovich<\/strong>\u00a0\u2013\u00a0Doctor of History, Professor in the Department of American Research of the Faculty of International Relations at Saint Petersburg State University (07.00.03 \u2013 General History)<\/p>\n<p><strong>Veronika Vitalyevna Vysokova <\/strong>&#8211; Doctor of History, Professor of the Department of New and Modern History of the Ural Federal University named after the First President of Russia B. N. Yeltsin (07.00.09 &#8211; historiography, source study and methods of historical research).<\/p>\n<p><strong>Galkin Pavel Vladimirovich &#8211;<\/strong> Doctor of History, Professor at the State Social and Humanitarian University ( Kolomna) ( (07.00.02. \u2013 Russian history).<\/p>\n<p><strong>Grebenkin Igor Nikolayevich<\/strong>\u00a0\u2013\u00a0Doctor of History, Professor at the Department of Russian History and Methods of Teaching History and Social Studies at Ryazan State University named for S.\u00a0A.\u00a0Yesenin (07.00.02. \u2011 Russian History)<\/p>\n<p><strong>Yerokhin Vladimir Nikolayevich<\/strong>\u00a0\u2013\u00a0Doctor of History, Professor at the Department of Social Sciences and Humanities at Northeast State University (07.00.09 \u2013\u00a0<a href=\"http:\/\/vak.ed.gov.ru\/documents\/10179\/2327517\/07.00.09+%D0%98%D1%81%D1%82%D0%BE%D1%80%D0%B8%D0%BE%D0%B3%D1%80%D0%B0%D1%84%D0%B8%D1%8F%2C%20%D0%B8%D1%81%D1%82%D0%BE%D1%87%D0%BD%D0%B8%D0%BA%D0%BE%D0%B2%D0%B5%D0%B4%D0%B5%D0%BD%D0%B8%D0%B5%20%D0%B8%20%D0%BC%D0%B5%D1%82%D0%BE%D0%B4%D1%8B%20%D0%B8%D1%81%D1%82%D0%BE%D1%80%D0%B8%D1%87%D0%B5%D1%81%D0%BA.doc\/8d100499-f346-47b8-8cdf-d831775b05cc\">Historiography, Source Studies and Methods of Historical Research<\/a>)<\/p>\n<p><strong>Ivanova Tatyana Nikolayevna<\/strong>\u00a0\u2013\u00a0Doctor of History, Professor at the Department of History and Culture of Foreign Countries at Chuvash State University named for I.\u00a0N.\u00a0Ulyanov (07.00.09 \u2013\u00a0<a href=\"http:\/\/vak.ed.gov.ru\/documents\/10179\/2327517\/07.00.09+%D0%98%D1%81%D1%82%D0%BE%D1%80%D0%B8%D0%BE%D0%B3%D1%80%D0%B0%D1%84%D0%B8%D1%8F%2C%20%D0%B8%D1%81%D1%82%D0%BE%D1%87%D0%BD%D0%B8%D0%BA%D0%BE%D0%B2%D0%B5%D0%B4%D0%B5%D0%BD%D0%B8%D0%B5%20%D0%B8%20%D0%BC%D0%B5%D1%82%D0%BE%D0%B4%D1%8B%20%D0%B8%D1%81%D1%82%D0%BE%D1%80%D0%B8%D1%87%D0%B5%D1%81%D0%BA.doc\/8d100499-f346-47b8-8cdf-d831775b05cc\">Historiography, Source Studies and Methods of Historical Research<\/a>)<\/p>\n<p><strong>Maul Viktor Yakovlevich<\/strong>\u00a0\u2013\u00a0Doctor of History, Professor at Nizhnevartovsk Branch of Tyumen Industrial University (07.00.02. \u2011 Russian History)<\/p>\n<p><strong>Myagkov German Panteleymonovich<\/strong>\u00a0\u2013\u00a0Doctor of History, Professor in the Department of General History at Kazan (Volga Region) Federal University (07.00.09 \u2013\u00a0<a href=\"http:\/\/vak.ed.gov.ru\/documents\/10179\/2327517\/07.00.09+%D0%98%D1%81%D1%82%D0%BE%D1%80%D0%B8%D0%BE%D0%B3%D1%80%D0%B0%D1%84%D0%B8%D1%8F%2C%20%D0%B8%D1%81%D1%82%D0%BE%D1%87%D0%BD%D0%B8%D0%BA%D0%BE%D0%B2%D0%B5%D0%B4%D0%B5%D0%BD%D0%B8%D0%B5%20%D0%B8%20%D0%BC%D0%B5%D1%82%D0%BE%D0%B4%D1%8B%20%D0%B8%D1%81%D1%82%D0%BE%D1%80%D0%B8%D1%87%D0%B5%D1%81%D0%BA.doc\/8d100499-f346-47b8-8cdf-d831775b05cc\">Historiography, Source Studies and Methods of Historical Research<\/a>)<\/p>\n<p><strong>Pischikova Natalya Petrovna &#8211; Candidate of History, Associate Professor of the Department of Russian History and Methods of Teaching History and Social Science at Ryazan State University named for S. A. Yesenin (07.00.02. &#8211; Russian History) (Deputy Editor-in-Chief).<\/strong><\/p>\n<p><strong>Popova Anna Dmitriyevna<\/strong>\u00a0\u2013\u00a0Doctor of History, Professor at the Department of Philosophy and Methodology of Research at Ryazan State University named for S.\u00a0A.\u00a0Yesenin (07.00.02. \u2011 Russian History)<\/p>\n<p><strong>Popova Olga Dmitriyevna<\/strong>\u00a0\u2013\u00a0Doctor of History, Professor at the Department of Russian History, Historiography and Source Studies at Ryazan State University named for S.\u00a0A.\u00a0Yesenin (07.00.02. \u2013 Russian History)<\/p>\n<p><strong>Rodriguez Alexander Manuelyevich<\/strong>\u00a0\u2013\u00a0Doctor of History, Professor, Head of the Department of New and Modern History at Moscow Pedagogical State University (07.00.03 \u2013 General History)<\/p>\n<p><strong>Rubacha Jaroslaw<\/strong>\u00a0\u2013\u00a0PhD in History, Professor at the University of Warmia and Mazury in Olsztyn (Poland)<\/p>\n<p><strong>Sevastyanova Alla Aleksandrovna<\/strong>\u00a0\u2013\u00a0Doctor of History, Professor in the Department of Russian History, Historiography and Source Studies at Ryazan State University named for S.\u00a0A.\u00a0Yesenin (07.00.09 \u2013\u00a0<a href=\"http:\/\/vak.ed.gov.ru\/documents\/10179\/2327517\/07.00.09+%D0%98%D1%81%D1%82%D0%BE%D1%80%D0%B8%D0%BE%D0%B3%D1%80%D0%B0%D1%84%D0%B8%D1%8F%2C%20%D0%B8%D1%81%D1%82%D0%BE%D1%87%D0%BD%D0%B8%D0%BA%D0%BE%D0%B2%D0%B5%D0%B4%D0%B5%D0%BD%D0%B8%D0%B5%20%D0%B8%20%D0%BC%D0%B5%D1%82%D0%BE%D0%B4%D1%8B%20%D0%B8%D1%81%D1%82%D0%BE%D1%80%D0%B8%D1%87%D0%B5%D1%81%D0%BA.doc\/8d100499-f346-47b8-8cdf-d831775b05cc\">Historiography, Source Studies and Methods of Historical Research<\/a>)<\/p>\n<p><strong>Sokolov Aleksandr Stanislavovich<\/strong>\u00a0\u2013\u00a0Doctor of History, Professor at the Department of History, Philosophy and Law at Ryazan State Radio Engineering University (07.00.02. \u2011 Russian History)<\/p>\n<p><strong>Chikalova Irina Romualdovna<\/strong>\u00a0\u2013\u00a0Doctor of History, Professor at Belarusian State University (Belarus) (07.00.03 \u2013 General History)<\/p>\n<p><strong>Erlikhson Irina Marikovna<\/strong>\u00a0\u2013\u00a0Doctor of History, Professor in the Department of General History and International Relations at Ryazan State University named for S.\u00a0A.\u00a0Yesenin (07.00.03 \u2013 General History)<\/p>\n<p><strong>Jurkowski Roman<\/strong>\u00a0\u2013\u00a0PhD in History, Professor at the University of Warmia and Mazury in Olsztyn (Poland)<\/p>\n<p>&nbsp;<\/p>\n<p><strong>Natural Sciences<\/strong><\/p>\n<p><strong>\u00a0<\/strong><\/p>\n<p><strong>Bolysov Sergey Ivanovich<\/strong>\u00a0\u2013\u00a0Doctor of Geography, Professor at the Department of Geomorphology and Paleogeography at M.\u00a0V.\u00a0Lomonosov Moscow State University (25.00.25 \u2011 Geomorphology and Evolutional Geography)<\/p>\n<p><strong>Bredikhin Andrey Vladimirovich<\/strong>\u00a0\u2013\u00a0Doctor of Geography, Professor, Head of the Department of Geomorphology and Evolutionary Geography of the Faculty of Geography at M.\u00a0V.\u00a0Lomonosov Moscow State University (25.00.25 \u2011 Geomorphology and Evolutional Geography)<\/p>\n<p><strong>Vardanyan Trael Gerasimovich<\/strong>\u00a0\u2013\u00a0Doctor of Geography, Professor, Head of the Department of Physical Geography and Hydrometeorology at Yerevan State University (Armenia)<\/p>\n<p><strong>Yevdokimov Sergey Petrovich<\/strong>\u00a0\u2013\u00a0Doctor of Geography, Professor, Head of the Department of Land Use Planning and Land Cadaster at Smolensk State University (25.00.25 \u2011 Geomorphology and Evolutional Geography)<\/p>\n<p><strong>Krivtsov Vyacheslav Andreyevich<\/strong>\u00a0\u2013\u00a0Doctor of Geography, Professor, Head of the Department of Physical Geography and Geography Teaching Methodology at Ryazan State University named for S.\u00a0A.\u00a0Yesenin (25.00.25\u00a0\u2011 Geomorphology and Evolutional Geography)<\/p>\n<p><strong>Tashev Aleksandr Nikolayevich<\/strong>\u00a0\u2013\u00a0Professor, Doctor at the Department of Dendrology at the University of Forestry (Sophia, Bulgaria)<\/p>\n<p><strong>Yamashkin Anatoly Aleksandrovich<\/strong>\u00a0\u2013\u00a0Doctor of Geography, Professor at the Department of Geo-Ecology and Landscape Planning at Mordovia State University named after N.\u00a0P.\u00a0Ogarev (25.00.25\u00a0\u2011 Geomorphology and Evolutional Geography)<\/p>\n<p>&nbsp;<\/p>\n<p><strong>PHILOLOGY<\/strong><\/p>\n<p><strong>Afanasyeva Elmira Maratovna<\/strong>\u00a0\u2013\u00a0Doctor of Philology, Senior Researcher at the Pushkin State Russian Language Institute (10.01.01 \u2013 Russian Literature)<\/p>\n<p><strong>Warda Anna<\/strong>\u00a0\u2013\u00a0Doctor of Philology, Professor at the Department of Philology at the Institute of Russian Studies of the University of Lodz (Poland)<\/p>\n<p><strong>Vidmarovich Natalya Petrovna<\/strong>\u00a0\u2013\u00a0Doctor of Philology, Professor-in-Ordinary at the Department of the Russian Language of the Faculty of East Slavic Languages and Literatures at Zagreb University (Croatia)<\/p>\n<p><strong>Valova Olga Mikhaylovna <\/strong>&#8211; Doctor of Philology, Professor of the Department of Russian and Foreign Literature and Teaching Methods of Vyatka State University (10.01.03 &#8211; Literature of Peoples of Foreign Countries).<\/p>\n<p><strong>Wang Zonghu <\/strong>&#8211; Doctor of Philology, Professor of the Capital Pedagogical University, Director of the Institute of Foreign Languages, President of the Chinese Association of Researchers of Russian Literature, Vice-President of the Chinese Association of Teachers of Russian Language and Literature (Beijing, PRC).<\/p>\n<p><strong>Voronova Olga Efimovna <\/strong>&#8211; Doctor of Philology, Professor of the Department of Literature and Journalism, Ryazan State University named for S.A. Yesenin, Head of the Center for Regional Projects and Interregional Relations (10.01.01 &#8211; Russian Literature).<\/p>\n<p><strong>Golodov Alexander Georgiyevich<\/strong>\u00a0\u2013\u00a0Doctor of Philology, Professor at the Department of Germanic Languages and Language Teaching Methodology at Ryazan State University named for S.\u00a0A.\u00a0Yesenin (10.02.04 \u2013 Germanic Languages)<\/p>\n<p><strong>Golubkova Ekaterina Evgenyevna<\/strong>\u00a0\u2013\u00a0Doctor of Philology, Professor at the Department of English Lexicology at Moscow State Linguistic University (10.02.04 \u2013 Germanic Languages)<\/p>\n<p><strong>Zoltan Andrash<\/strong>\u00a0\u2013\u00a0Doctor of Philology, Professor at E\u00f6tv\u00f6s Lor\u00e1nd University (Hungary)<\/p>\n<p><strong>Kiseleva Irina Aleksandrovna<\/strong>\u00a0\u2013\u00a0<a href=\"https:\/\/ru.wikipedia.org\/wiki\/%D0%94%D0%BE%D0%BA%D1%82%D0%BE%D1%80_%D1%84%D0%B8%D0%BB%D0%BE%D0%BB%D0%BE%D0%B3%D0%B8%D1%87%D0%B5%D1%81%D0%BA%D0%B8%D1%85_%D0%BD%D0%B0%D1%83%D0%BA\">Doctor of Philology<\/a>, Head of the Department of Classic Russian Literature at Moscow State Regional Pedagogical University (10.01.01 \u2013 Russian Literature)<\/p>\n<p><strong>Lavrentyev Vitaly Aleksandrovich<\/strong>\u00a0\u2013\u00a0Doctor of Philology, Head of the Department of the Russian Language and Russian Language Methodology at Ryazan State University named for S.\u00a0A.\u00a0Yesenin (10.02.01 \u2011 Russian Language)<\/p>\n<p><strong>Myznikov Sergey Alexeyevich<\/strong>\u00a0\u2013\u00a0Doctor of Philology, Professor, Academician of the Russian Academy of Sciences, Head of the Dictionary Department of the Institute of Linguistic Studies of the Russian Academy of Sciences (10.02.01 \u2011 Russian Language; 10.02.20 \u2013 Comparative-historical, Typological, and Comparative Linguistics)<\/p>\n<p><strong>Nikitin Oleg Victorovich<\/strong>\u00a0\u2013\u00a0Doctor of Philology, Professor at the Department of History of the Russian Language and General Linguistics at Moscow \u00a0State Regional Pedagogical University (10.02.01 \u2011 Russian Language)<\/p>\n<p><strong>Orlitsky Jury Borisovich<\/strong>\u00a0\u2013\u00a0Doctor of Philology, Senior Researcher of the Research Laboratory of the Institute of Philology and History at Russian Humanitarian University (10.01.01 \u2013 Russian Literature; 10.01.08 \u2013 Theory of Literature, Textology)<\/p>\n<p><strong>Osovsky Oleg Efimovich<\/strong>\u00a0\u2013\u00a0Doctor of Philology, Professor, Senior Researcher at Mordovia State Pedagogical Institute named for M.\u00a0I.\u00a0Evsevyev (10.01.03 \u2013 Foreign Literature)<\/p>\n<p><strong>Proskurin Boris Mikhaylovich<\/strong>\u00a0\u2013\u00a0<a href=\"https:\/\/ru.wikipedia.org\/wiki\/%D0%94%D0%BE%D0%BA%D1%82%D0%BE%D1%80_%D1%84%D0%B8%D0%BB%D0%BE%D0%BB%D0%BE%D0%B3%D0%B8%D1%87%D0%B5%D1%81%D0%BA%D0%B8%D1%85_%D0%BD%D0%B0%D1%83%D0%BA\">Doctor of Philology<\/a>,\u00a0<a href=\"https:\/\/ru.wikipedia.org\/wiki\/%D0%9F%D1%80%D0%BE%D1%84%D0%B5%D1%81%D1%81%D0%BE%D1%80\">Professor<\/a>, Head of the Department of World Literature and Culture, Dean of the Faculty of Modern Foreign Languages and Literatures at Perm State National Research University (10.01.03\u00a0\u2013 Foreign Literature)<\/p>\n<p><strong>Stulov Yury Viktorovich<\/strong>\u00a0\u2013\u00a0Candidate of Philology, Head of the Department of Foreign Literature at Minsk State Linguistic University (Belarus) (10.01.03 \u2013 Foreign Literature)<\/p>\n<p><strong>Fedoseyeva Tatyana Vasilyevna<\/strong>\u00a0\u2013\u00a0Doctor of Philology, Professor in the Department of Literature and journalism at Ryazan State University named for S.\u00a0A.\u00a0Yesenin (10.01.01 \u2013 Russian Literature)<\/p>\n<p><strong>Fedotova Oksana Sergeyevna<\/strong>\u00a0\u2013\u00a0Doctor of Philology, Professor at the Department of Foreign Languages of the Institute of History, Philosophy and Political sciences at Ryazan State University named for S.\u00a0A.\u00a0Yesenin (10.02.04 \u2013 Germanic Languages)<\/p>\n<p><strong>Shaklein Viktor Mikhaylovich<\/strong>\u00a0\u2013\u00a0Doctor of Philology, Professor, Academician of the Russian Academy of Natural Sciences, Head of the Department of the Russian Language and Language Teaching Methodology at People\u2019s Friendship University of Russia (10.02.01 \u2011 Russian Language)<\/p>","protected":false},"excerpt":{"rendered":"<p>Bokov Dmitry Aleksndrovich &#8211; Candidate of Pedagogy, Acting Rector of Ryazan State University named for S. A. Yesenin (Chairman of the editorial staff) Reshetova Anna Anatolyevna\u00a0\u2013\u00a0Doctor of Philology, Professor in the Department of Literature and Journalism at Ryazan State University named for S.\u00a0A.\u00a0Yesenin (10.01.01 \u2013 Russian Literature) (Editor-in-Chief) &nbsp; HISTORY Akimov Yury Germanovich\u00a0\u2013\u00a0Doctor of History, [&hellip;]<\/p>\n","protected":false},"author":1,"featured_media":0,"parent":0,"menu_order":0,"comment_status":"closed","ping_status":"closed","template":"","meta":{"footnotes":""},"categories":[],"tags":[],"class_list":["post-21","page","type-page","status-publish","hentry"],"_links":{"self":[{"href":"https:\/\/vestnik.rsu-rzn.ru\/en\/wp-json\/wp\/v2\/pages\/21","targetHints":{"allow":["GET"]}}],"collection":[{"href":"https:\/\/vestnik.rsu-rzn.ru\/en\/wp-json\/wp\/v2\/pages"}],"about":[{"href":"https:\/\/vestnik.rsu-rzn.ru\/en\/wp-json\/wp\/v2\/types\/page"}],"author":[{"embeddable":true,"href":"https:\/\/vestnik.rsu-rzn.ru\/en\/wp-json\/wp\/v2\/users\/1"}],"replies":[{"embeddable":true,"href":"https:\/\/vestnik.rsu-rzn.ru\/en\/wp-json\/wp\/v2\/comments?post=21"}],"version-history":[{"count":0,"href":"https:\/\/vestnik.rsu-rzn.ru\/en\/wp-json\/wp\/v2\/pages\/21\/revisions"}],"wp:attachment":[{"href":"https:\/\/vestnik.rsu-rzn.ru\/en\/wp-json\/wp\/v2\/media?parent=21"}],"wp:term":[{"taxonomy":"category","embeddable":true,"href":"https:\/\/vestnik.rsu-rzn.ru\/en\/wp-json\/wp\/v2\/categories?post=21"},{"taxonomy":"post_tag","embeddable":true,"href":"https:\/\/vestnik.rsu-rzn.ru\/en\/wp-json\/wp\/v2\/tags?post=21"}],"curies":[{"name":"wp","href":"https:\/\/api.w.org\/{rel}","templated":true}]}}