{"id":6139,"date":"2025-01-16T09:19:16","date_gmt":"2025-01-16T06:19:16","guid":{"rendered":"https:\/\/vestnik.rsu-rzn.ru\/?page_id=6139"},"modified":"2025-01-16T09:19:16","modified_gmt":"2025-01-16T06:19:16","slug":"%d0%b1%d0%be%d0%bd%d0%b4%d0%b0%d1%80%d0%b5%d0%bd%d0%ba%d0%be-%d0%b0-%d0%b0","status":"publish","type":"page","link":"https:\/\/vestnik.rsu-rzn.ru\/en\/%d0%b1%d0%be%d0%bd%d0%b4%d0%b0%d1%80%d0%b5%d0%bd%d0%ba%d0%be-%d0%b0-%d0%b0\/","title":{"rendered":"Bondarenko A.A."},"content":{"rendered":"<p>Natives of the Grand Duchy of Ryazan in Lithuania at the end of the 15<sup>th<\/sup> \u2014 middle 16<sup>th<\/sup> century. Pp. 7\u201322.<\/p>\n<p><a href=\"https:\/\/vestnik.rsu-rzn.ru\/wp-content\/uploads\/2025\/01\/\u0412\u0435\u0441\u0442\u043d\u0438\u043a-\u2116-4_-2024-\u043c\u0430\u043a\u0435\u0442-7-22.pdf\"><img loading=\"lazy\" decoding=\"async\" class=\"alignnone wp-image-4264 size-full\" src=\"https:\/\/vestnik.rsu-rzn.ru\/wp-content\/uploads\/2020\/04\/pdf-2020.png\" alt=\"\" width=\"68\" height=\"85\" \/><\/a><\/p>\n<p>UDC 94(470.313):94(474.5)&#8221;14\/15&#8243;<\/p>\n<p>DOI 10.37724\/RSU.2024.85.4.001<\/p>\n<p>&nbsp;<\/p>\n<p><strong><em>Abstract. <\/em><\/strong>The study of emigration and transition to the service of other sovereigns of natives of the corporations of appanage boyars and grand-ducal servants is a significant task of historical research, and its relevance of which is supported by the increased research interest in this large-scale phenomenon of socio-political history of the 15<sup>th<\/sup>\u201316<sup>th<\/sup> centuries. The issue of departure of Ryazan residents to the Grand Duchy of Lithuania, which became the last refuge for Prince Ivan Ivanovich Ryazan, has not yet been properly developed in our historiography. The purpose of our research is to identify references of probable representatives of the Ryazan elite, who moved to the service of the Lithuanian Grand Dukes in the period up to 1521, to establish their origin, official and landowning status, to outline the circle of their family ties. The analysis of written sources, first of all acts of the Lithuanian metrics and a number of other documentary inventories, has allowed us to collect information on only several persons, in the past connected (presumably or precisely) with the court of Ryazan Princes; when it was possible, the revealed data have been compared with data of genealogical lists. In the period of the late 15<sup>th<\/sup> \u2014 mid-16<sup>th<\/sup> century in Lithuania served Matvei Denisyevich Bulgak Yuriev, Petr-Afanasy Glebov, Ivan Ivanovich Kobyakov, as well as representatives of the Rezantsov and Rezanetses families, who had the status of grand ducal \u201cnobles.\u201d The small number of natives from Ryazan on the territory of Lithuania additionally testifies to the fact that both before and during the liquidation of the independence of the Ryazan State the local elite was oriented to the service of the Moscow grand dukes. This, among other things, explains the refusal of most Ryazan boyars and boyar children to support their sovereign in 1521.<\/p>\n<p>&nbsp;<\/p>\n<p><strong><em>Keywords:<\/em><\/strong> Grand Duchy of Ryazan, Grand Duchy of Lithuania, Ryazan elite servicemen, servicemen\u2019s horseback inspections, the Bulgakov-Denisyevs, Glebovs, Kobyakovs, Rezantsovs, Rezanetses.<\/p>\n<p><strong>\u00a0<\/strong><\/p>\n<p><strong>Bibliography<\/strong><\/p>\n<p>&nbsp;<\/p>\n<ol>\n<li>Avtokratov S. N. \u201cIvan the Terrible\u2019s Speech of 1550\u201d as a political pamphlet of the late 17<sup>th<\/sup> <em>Trudy Otdela drevnerusskoy literatury<\/em> [Papers of the Department of Old Russian Literature]. Moscow, Leningrad, USSR Academy of Sciences Publ., 1955, vol. 9, pp. 255\u2013279. (In Russian).<\/li>\n<li><em>Akty, izdavayemyye Vilenskoyu komissiyeyu dlya razbora drevnikh aktov (AVAK)<\/em>[Acts published by the Vilna Commission for Analysis of Ancient Acts (AVAK)]. Vilna, A. G. Syrkin Publ., 1895, vol. XXII, 535 p. (In Russian).<\/li>\n<li><em>Akty sotsialno-ekonomicheskoy istorii Severo-Vostochnoy Rusi kontsa XIV \u2014 nachala XVI v. (ASEI)<\/em> [Acts of the socio-economic history of North-Eastern Rus\u2019 in the late 14<sup>th<\/sup> \u2014 early 16<sup>th<\/sup> centuries (ASEI)]. Moscow, USSR Academy of Sciences Publ., 1952, vol. 1, 690 p.; vol. 3, 1964, 687 p. (In Russian).<\/li>\n<li><em>Akty feodalnogo zemlevladeniya i khozyaystva XIV\u2013XVI vekov (AFZKH)<\/em>[Acts of feudal land ownership and economy of the 14<sup>th<\/sup>\u201316<sup>th<\/sup> centuries (AFZH)]. Moscow, USSR Academy of Sciences Publ., 1951, pt. I, 400 p. (In Russian).<\/li>\n<li>Antonov A. V., Baranov K. V. Unknown acts of the 14<sup>th<\/sup>\u201316<sup>th<\/sup> centuries from the archive of the Moscow Chudov Monastery. <em>Russkiy diplomatariy<\/em>[Russian diplomacy]. Moscow, Arkheograficheskiy Tsentr Publ., 1997, iss. 2, pp. 3\u201322. (In Russian).<\/li>\n<li><em>Arkheograficheskiy sbornik dokumentov, otnosyashchikhsya k istorii Severo-Zapadnoy Rusi<\/em> [Archaeographic collection of documents related to the history of North-Western Rus\u2019]. Vilna, O. Blyumovich Publ., 1870, vol. IX, X, 486 p. (In Russian).<\/li>\n<li>Baskakov N. A. <em>Russkiye familii tyurkskogo proiskhozhdeniya<\/em>[Russian surnames of Turkic origins]. Moscow, Nauka Publ., 1979, 279 p. (In Russian).<\/li>\n<li>Berezhkov N. G. <em>Litovskaya metrika kak istoricheskiy istochnik<\/em> [Lithuanian metrics as a historical source]. Moscow, Leningrad, USSR Academy of Sciences Publ., 1946, 179 p. (In Russian).<\/li>\n<li>Bondarenko A. A., Khoruzhenko O. I. Patrimonial monasteries of the Russian Middle Ages: Bulgakov Monastery in the Grand Duchy of Ryazan. <em>Rossiyskaya istoriya<\/em> [Russian history]. 2023, iss. 4, pp. 23\u201338. (In Russian).<\/li>\n<li>Veselovsky S. B. <em> Drevnerusskiye imena, prozvishcha i familii <\/em>[Onomasticon. Old Russian names, nicknames and surnames]. Moscow, Nauka Publ., 1974, 382 p. (In Russian).<\/li>\n<li>Veselovsky S. B. <em>Dyaki i podyachiye XV\u2013XVII vv. <\/em>[Clerks and sub-clerks in the 15<sup>th<\/sup>\u201317<sup>th<\/sup> centuries]. Moscow, Nauka Publ., 1975, 606 p. (In Russian).<\/li>\n<li><em>Vkladnaya kniga Troitse-Sergiyeva monastyrya<\/em> [Book of contributions of the Trinity Monastery of St. Sergius]. Moscow, Nauka Publ., 1987, 439 p. (In Russian).<\/li>\n<li><em>Histary\u010dny slo\u016dnik bielaruskaj movy<\/em>[Historical dictionary of the Belarusian language]. Minsk, Belarus. navuka Publ., 2010, vol. 30, 496 p. (In Byelorussian).<\/li>\n<li>Gorsky A. A. <em>Russkoye srednevekovoye obshchestvo: ist.-terminolog. sprav.<\/em>[Russian medieval society: historical and terminological reference]. St. Petersburg., O. Abyshko Publ., 2019, 410 p. (In Russian).<\/li>\n<li>Yerusalimsky K. Yu. <em>Moskovity v Polsko-Litovskom gosudarstve vtoroy poloviny XVI \u2014 nachala XVII v.<\/em>[Muscovites in the Polish-Lithuanian Commonwealth of the Second Half of the 16<sup>th<\/sup> \u2014 early 17<sup>th<\/sup> Centuries]. Dissertation of doctor of history: 24.00.01. Moscow, 2011, 1055 p. (In Russian).<\/li>\n<li>Yerusalimsky K. Yu. <em>Na sluzhbe korolya i Rechi Pospolitoy<\/em>[In the service of the king and the Polish-Lithuanian Commonwealth]. Moscow, St. Petersburg, Nestor-History Publ., 2018, 1012 p. (In Russian).<\/li>\n<li>Zimin A. A. Feudal nobility of the Tver and Ryazan Grand Duchies and the Moscow boyars of the end of the 15<sup>th<\/sup> \u2014 first third of the 16<sup>th<\/sup> <em>Istoriya SSSR\u00a0<\/em>[History of the USSR]. 1973, iss. 3, pp. 124\u2013142. (In Russian).<\/li>\n<li>Ilovaisky D. I. <em>Istoriya Ryazanskogo knyazhestva<\/em> [History of the Ryazan Principality]. Moscow, University Publ., 1858, 337 p. (In Russian).<\/li>\n<li>Kirpichnikov I. A. <em>Ryazanskaya sluzhilaya elita v kontse XV \u2014 pervoy treti XVII veka <\/em>[Ryazan service elite at the end of the 15<sup>th<\/sup> \u2014 first third of the 17<sup>th<\/sup> century]. Dissertation of candidate of history: 07.00.02. Moscow, 2021, 839 p. (In Russian).<\/li>\n<li>Korzinin A. L. <em>Gosudarev dvor Russkogo gosudarstva v dooprichnyy period (1550\u20131565 gg.)<\/em> [The Sovereign\u2019s Court of the Russian State in the Pre-Oprichnina Period (1550\u20131565)]. Moscow, St. Petersburg, Alliance-Archeo Publ., 2016, 663 p. (In Russian).<\/li>\n<li>Korzinin A. L. The Court of the Grand Duchess of Lithuania and Queen of Poland Elena Ivanovna. <em>Vestnik Sankt-Peterburgskogo universiteta. Istoriya\u00a0<\/em>[Bulletin of St. Petersburg University. History]. 2022,<br \/>\n67, iss. 3, pp. 667\u2013691. (In Russian).<\/li>\n<li>Likhachev N. P. <em>Razryadnyye dyaki XVI veka<\/em> [Discharge clerks in the 16<sup>th<\/sup> century]. St. Petersburg, V. S. Balashev Publ., 1888, XVI, 559, 72, 101, VI p. (In Russian).<\/li>\n<li>Novikov N. I. <em>Drevnyaya rossiyskaya vivliofika <\/em>[Ancient Russian library]. Moscow, Typ. Of Typographic Comp., 1790, pt. XIII, 463 p. (In Russian).<\/li>\n<li><em>Pamyatniki istorii Vostochnoy Yevropy: Istochniki XV\u2013XVII vv.\u00a0<\/em>[Historical Monuments of Eastern Europe: Sources of the 15<sup>th<\/sup>\u201317<sup>th<\/sup> Centuries]. Moscow, Warsaw, Drevlehranilische Publ., 2002. vol. VI, 268 p.<br \/>\n(In Russian).<\/li>\n<li><em>Pamyatniki istorii russkogo sluzhilogo sosloviya<\/em>[Historical Monuments of the Russian Service Class]. Moscow, Drevlehranilische Publ., 2011, 555 p. (In Russian).<\/li>\n<li><em>Perechnevaya opis rukopisey Vilenskoy publichnoy biblioteki<\/em> [Inventory of manuscripts of the Vilna Public Library]. Vilna, A. G. Syrkin Publ., 1871, iss. I, 216 \u200b\u200bp. (In Russian).<\/li>\n<li><em>Polnoye sobraniye russkikh letopisey (PSRL)\u00a0<\/em>[Complete collection of Russian chronicles (PSRL)]. Moscow, Languages \u200b\u200bof Slavic Culture Publ., 2001, vol. VI, iss. 2, 249 p.; 2005; vol. XXII, 896 p. (In Russian).<\/li>\n<li><em>Reviziya pushch i perekhodov zverinykh v byvshem Velikom knyazhestve Litovskom<\/em>[Review of forests and game crossings in the former Grand Duchy of Lithuania]. Vilna, Provincial Government Typ., 1867, 386 p. (In Russian).<\/li>\n<li><em>Rossiyskaya genealogiya<\/em> [Russian genealogy]. Moscow, Staraya Basmannaya Publ., 2016-, iss. 3, 2018, pp. 119\u2013242; iss. 5, 2019, pp. 138\u2013402; iss. 10, 2021, pp. 119\u2013270; iss. 11, 2022, pp. 255\u2013430. (In Russian).<\/li>\n<li><em>Rodoslovnaya kniga knyazey i dvoryan rossiyskikh i vyyezzhikh<\/em> [The genealogical book of Russian princes and nobles and those who traveled away]. Moscow, University Publ., 1787, pt. II, 453 p. (In Russian).<\/li>\n<li><em>Rossiyskiy gosudarstvennyy arkhiv drevnikh aktov (RGADA)<\/em>[Russian State Archive of Ancient Acts (RGADA)]. F. 389 (Lithuanian Metrics). Op. 1. Bk. 33. (In Russian).<\/li>\n<li><em>Russkaya istoricheskaya biblioteka, izdavayemaya Imperatorskoyu Arkheograficheskoyu komissiyeyu (RIB)<\/em> [Russian Historical Library, published by the Imperial Archaeographic Commission (RIB)]. Petrograd, Typ. of Main Administration of Appanages, 1915, vol. 33, 702 p. (In Russian).<\/li>\n<li>Savosichev A. Yu. <em>Dyaki i podyachiye XIV\u2013XVI vekov: proiskhozhdeniye i sotsialnyye svyazi<\/em>[Clerks and subclerks of the 14<sup>th<\/sup>\u201316<sup>th<\/sup> centuries: origins and social connections]. Dissertation of doctor of history: 07.00.02. Orel, 2015, 903 p. (In Russian).<\/li>\n<li><em>Sbornik Imperatorskogo Russkogo istoricheskogo obshchestva (SbRIO)<\/em> [Collection of the Imperial Russian Historical Society (SbRIO)]. St. Petersburg, F. Eleonsky and K\u00b0 Publ., 1882, vol. 35, 6, VI, XXII, 870 p., 116 colms. (In Russian).<\/li>\n<li><em>Slovar russkogo yazyka XI\u2013XVII vv. (SlRYA)\u00a0<\/em>[Dictionary of the Russian language of the 11<sup>th<\/sup>\u201317<sup>th<\/sup> centuries (SlRYa)]. Moscow, Nauka Publ., 1997, iss. 22, 298 p.; 2000, iss. 24, 254 p. (In Russian).<\/li>\n<li>Smetanina S. I. Ryazan feudal lords and the annexation of the Ryazan Principality to the Russian State. <em>Arkhiv russkoy istorii<\/em>[Archive of Russian history]. Moscow, Archaegraphic center Publ., 1995, iss. 6, pp. 49\u201380.<\/li>\n<li>Sreznevsky I. I. <em>Materialy dlya slovarya drevnerusskogo yazyka <\/em>[Materials for a dictionary of the Old Russian language]. St. Petersburg, Imperial Academy of sciences Publ., 1912, vol. III, 1684, 272 clmns.,<br \/>\n13 p. (In Russian).<\/li>\n<li>Tupikov N. M. <em>Slovar drevnerusskikh lichnykh sobstvennykh imen<\/em>[Dictionary of Old Russian personal proper names]. St. Petersburg, I. N. Skorokhodov Publ., 1903, 863 p. (In Russian).<\/li>\n<li><em>Tysyachnaya kniga 1550 g. i Dvorovaya tetrad 50-kh godov XVI v.<\/em> [The \u2018Thousand\u2019 Book of 1550 and the Courtyard Notebook of the 1550s]. Moscow, Leningrad, USSR Academy of Sciences Publ., 1950, 456 p. (In Russian).<\/li>\n<li>Fasmer M. <em>Etimologicheskiy slovar\u2019 russkogo yazyka: v 4 t.<\/em>[Etymological Dictionary of the Russian Language: in 4 vols.]. Moscow, Progress Publ., 1987, vol. III, 832 p. (In Russian).<\/li>\n<li>Florya B. N. The Grand Duchy of Lithuania and the Ryazan Land in the 15<sup>th<\/sup> <em>Slavyane<br \/>\nv epokhu feodalizma<\/em> [Slavs in the Age of Feudalism]. Moscow, Nauka Publ., 1978, pp. 182\u2013189. (In Russian).<\/li>\n<li>Khoruzhenko O. I. <em>Gerb v praktikakh formirovaniya rodovykh korporatsiy russkogo dvoryanstva XVII\u2013XIX vv.\u00a0<\/em>[Coats of arms in the practices of forming family corporations of Russian nobility in the 17<sup>th<\/sup>\u201319<sup>th<\/sup> Centuries]. Moscow, Quadriga Publ., 2013, 415 p. (In Russian).<\/li>\n<li>Khoruzhenko O. I. The \u201cNobleman\u201d Solokhmir Miroslavich in Sources from 16<sup>th<\/sup>\u201317<sup>th<\/sup> <em>Vestnik Ryazanskogo gosudarstvennogo universiteta imeni S. A. Yesenina<\/em> [Bulletin of the Ryazan State University named for S. A. Yesenin]. 2023, iss. 1 (78), pp. 7\u201319. (In Russian).<\/li>\n<li>Kazakov A. U. <em>Emihracyja znaci z ruskich kniastva\u016d u Vialikaje kniastva Lito\u016dskaje (40-ja hh. XV \u2014<br \/>\n30-ja hh. XVI st.) <\/em>[Emigration of nobles from the Russian principalities to the Grand Duchy of Lithuania (1440s \u2014 1530s)]. Dissertation of candidate history of science: 07.00.03. Minsk, 2010, 154 p. (In Byelorussian).<\/li>\n<li><em>Pierapis vojska Vialikaha kniastva Lito\u016dskaha 1528 hoda. Mietryka Vialikaha kniastva Lito\u016dskaha. Kniha 523. Kniha publi\u010dnych spra\u016d 1<\/em>[Census of the army of the Grand Duchy of Lithuania in 1528. Metric of the Grand Duchy of Lithuania. Book 523. Book of public affairs 1]. Minsk, Belarus. navuka, 2003, 444 p.<br \/>\n(In Byelorussian).<\/li>\n<li><em>Slovnyk staroukrayinskoyi movy XIV\u2013XV st.<\/em>[Dictionary of the Old Ukrainian language of the<br \/>\n14<sup>th<\/sup>\u201315<sup>th<\/sup> centuries]. Kyiv, Naukova Dumka Publ., 1978, vol. 2, 592 p. (In Ukrainian).<\/li>\n<li>Archiwum G\u0142\u00f3wne Akt Dawnych w Warszawie (AGAD). <em>Zbi\u00f3r dokument\u00f3w pergaminowych<\/em>. Iss. 7456. (In Polish).<\/li>\n<li>Boniecki A. <em>Poczet rod\u00f3w w Wielki\u00e9m Ksi\u0119stwie Litewski\u00e9m w XV i XVI wieku<\/em>. Warszawa, Druk.<br \/>\nBergera, 1887, 425 s. (In Polish).<\/li>\n<li><em>Lietuvos Metrika (LM) <\/em>[Lithuanian Metrics (LM)]. Vilnius, Science and Encyclopedia Publ., Institute of History of Lithuania, Vilnius University Publ., \u017dara, 1995-, bk. 1 (1380\u20131584), 1998, 207 \u0440.; bk. 4 (1479\u20131491), 2004, 285 \u0440.; bk. 7 (1506\u20131539), 2011, XXIX, p. 1012.; bk. 8 (1499\u20131514), 1995, 709 \u0440.; bk. 9 (1511\u20131518), 2002, 615 \u0440.; bk. 15 (1528\u20131538), 2002, 446 \u0440.; bk. 19 (1535\u20131537), 2009, 362 \u0440.; bk. 21 (1536\u20131537), 2019, XXXII, 350, [2] \u0440.; bk. 224 (1522\u20131530), 4<sup>th<\/sup> Book of Court Cases (copy of late 16<sup>th<\/sup> century), 1997, CXLVIII, 512 \u0440.].<br \/>\n(In Lithuanian).<\/li>\n<li><em>Pirmasis Lietuvos Statutas <\/em>[The first Statute of Lithuania]. Vilnius, Mintis, 1991, vol. 2, D. 1, 426 p. (In Lithuanian).<\/li>\n<li><em>Urz\u0119dnicy centralni i dostojnicy Wielkiego Ksi\u0119stwa Litewskiego XIV\u2013XVIII wieku: spisy <\/em>[Central officials and dignitaries of the Grand Duchy of Lithuania in the 14<sup>th<\/sup>\u201318<sup>th<\/sup> centuries: lists]. K\u00f3rnik, K\u00f3rnik Library, 1994, 255 p. (In Polish).<\/li>\n<\/ol>\n<p><\/p>","protected":false},"excerpt":{"rendered":"<p>Natives of the Grand Duchy of Ryazan in Lithuania at the end of the 15th \u2014 middle 16th century. Pp. 7\u201322. UDC 94(470.313):94(474.5)&#8221;14\/15&#8243; DOI 10.37724\/RSU.2024.85.4.001 &nbsp; Abstract. The study of emigration and transition to the service of other sovereigns of natives of the corporations of appanage boyars and grand-ducal servants is a significant task of [&hellip;]<\/p>\n","protected":false},"author":1,"featured_media":0,"parent":0,"menu_order":0,"comment_status":"closed","ping_status":"closed","template":"","meta":{"footnotes":""},"categories":[],"tags":[],"class_list":["post-6139","page","type-page","status-publish","hentry"],"_links":{"self":[{"href":"https:\/\/vestnik.rsu-rzn.ru\/en\/wp-json\/wp\/v2\/pages\/6139","targetHints":{"allow":["GET"]}}],"collection":[{"href":"https:\/\/vestnik.rsu-rzn.ru\/en\/wp-json\/wp\/v2\/pages"}],"about":[{"href":"https:\/\/vestnik.rsu-rzn.ru\/en\/wp-json\/wp\/v2\/types\/page"}],"author":[{"embeddable":true,"href":"https:\/\/vestnik.rsu-rzn.ru\/en\/wp-json\/wp\/v2\/users\/1"}],"replies":[{"embeddable":true,"href":"https:\/\/vestnik.rsu-rzn.ru\/en\/wp-json\/wp\/v2\/comments?post=6139"}],"version-history":[{"count":0,"href":"https:\/\/vestnik.rsu-rzn.ru\/en\/wp-json\/wp\/v2\/pages\/6139\/revisions"}],"wp:attachment":[{"href":"https:\/\/vestnik.rsu-rzn.ru\/en\/wp-json\/wp\/v2\/media?parent=6139"}],"wp:term":[{"taxonomy":"category","embeddable":true,"href":"https:\/\/vestnik.rsu-rzn.ru\/en\/wp-json\/wp\/v2\/categories?post=6139"},{"taxonomy":"post_tag","embeddable":true,"href":"https:\/\/vestnik.rsu-rzn.ru\/en\/wp-json\/wp\/v2\/tags?post=6139"}],"curies":[{"name":"wp","href":"https:\/\/api.w.org\/{rel}","templated":true}]}}