{"id":6149,"date":"2025-01-16T09:44:03","date_gmt":"2025-01-16T06:44:03","guid":{"rendered":"https:\/\/vestnik.rsu-rzn.ru\/?page_id=6149"},"modified":"2025-01-16T09:44:03","modified_gmt":"2025-01-16T06:44:03","slug":"%d0%bd%d1%83%d0%b6%d0%b4%d0%b8%d0%bd-%d0%be-%d0%b8","status":"publish","type":"page","link":"https:\/\/vestnik.rsu-rzn.ru\/en\/%d0%bd%d1%83%d0%b6%d0%b4%d0%b8%d0%bd-%d0%be-%d0%b8\/","title":{"rendered":"Nuzhdin O.I."},"content":{"rendered":"<p>Where did the devil come from after all? (about the sources of <em>The Chronicle of the Monk of Saint-Denys<\/em>). Pp. 53\u201361.<\/p>\n<p><strong> <a href=\"https:\/\/vestnik.rsu-rzn.ru\/wp-content\/uploads\/2025\/01\/\u0412\u0435\u0441\u0442\u043d\u0438\u043a-\u2116-4_-2024-\u043c\u0430\u043a\u0435\u0442-53-61.pdf\"><img loading=\"lazy\" decoding=\"async\" class=\"alignnone wp-image-4264 size-full\" src=\"https:\/\/vestnik.rsu-rzn.ru\/wp-content\/uploads\/2020\/04\/pdf-2020.png\" alt=\"\" width=\"68\" height=\"85\" \/><\/a><\/strong><\/p>\n<p>UDC 94(44).026<\/p>\n<p>DOI 10.37724\/RSU.2024.85.4.006<\/p>\n<p>&nbsp;<\/p>\n<p><strong><em>Abstract<\/em><\/strong><strong><em>.<\/em><\/strong> The study of the causes of the crisis of the French state in the first quarter of the 15<sup>th<\/sup> century remains a major area of medieval studies in Russia and abroad. Researchers turn to new stories, which allow them to reconsider earlier conclusions, to correct long-established ideas about the events. An example of such a plot is the story of the Duke of Burgundy Jean the Fearless confessing his guilt in the murder of the brother of King Charles VI of France, Louis of Orleans on November 23, 1407. <em>The Chronicle of the Monk of Saint-Denys<\/em> is one of the main documents addressing this issue. This article is devoted to finding the source on the basis of<br \/>\nwhich the author of the <em>Chronicle<\/em>, Michel Pintoin, described the confession, and determining the degree of reliability of the source in view of the fact that later Jean the Fearless himself denied his involvement in the murder. It is concluded that the only witnesses to the confession were the Dukes Louis of Anjou and Jean of Berry, but neither of them can be considered Pintoin\u2019s informant, and he himself was not a direct witness. It has been established that the <em>Chronicle<\/em> was written after 1410, and that Michel Pintoin used as his source for the confession a letter dated July 14, 1411, written by the sons of the murdered Louis of Orl\u00e9ans and based on the account of John, Duke of Berry, the only surviving witness.<\/p>\n<p><strong><em>\u00a0<\/em><\/strong><\/p>\n<p><strong><em>Keywords: <\/em><\/strong>Michel Pintoin, Duke Louis of Orleans, Duke John of Berry, crime in the Middle Ages, witchcraft, magic.<\/p>\n<p>&nbsp;<\/p>\n<p><strong>Bibliography<\/strong><\/p>\n<p><strong>\u00a0<\/strong><\/p>\n<ol>\n<li>Orlenko O. \u0415. The War of the Armagnacs and the Bourguignons in the coverage of French chroniclers. <em>Novyy istoricheskiy vestnik <\/em>[New Historical Messenger]. 2007, iss. 1 (15), pp. 82\u201393. (In Russian).<\/li>\n<li>Barner G. <em>Jacques Du Clercq und seine M\u00e9moires. <\/em><em>Ein Sittengem\u00e4lde des 15. Jahrhunderts.<\/em> D\u00fcsseldorf, Druckerei Albers, 1989, 259 S. (In German).<\/li>\n<li>Bernier J. Lettres patentes touchant l\u2019assassinat commis en la personne du Duc d\u2019Orl\u00e9ans. <em>Histoire de Blois, contenant les Antiquitez et Singularitez du Comt\u00e9 de Blois.<\/em> , Chez Fran\u00e7ois Muguet, 1682, pp. XXXI\u2013XXXIII. (In French).<\/li>\n<li><em>Choix de pi\u00e8ces in\u00e9dites relatives au r\u00e8gne de Charles VI. <\/em> par L. Dou\u0451t-d\u2019Arcq. P., Chez Jules Renouard, 1863, vol. I, 462 p. (In French).<\/li>\n<li><em>Chronique de Jean de Stavelot. <\/em> par Ad. Borgnet. Bruxelles, M. Hayes, 1861, 664 p. (In French).<\/li>\n<li><em>Chronique du religieux de Saint-Denys, contenant le r\u00e8gne de Charles VI de 1380 \u00e0 1422. <\/em> en latin et traduite par M. L. Bellaguet. P., De l\u2019imprimerie de chapelet, 1839\u20131852, vol. III, 1841, 775 p.; vol. IV, 1842, 781 p.; vol. V, 1844, 768 p. (In French).<\/li>\n<li><em>Chroniques de Perceval de Cagny. <\/em> par H. Moranvill\u00e9. P., Libraire Renouard, 1902, 288 p. (In French).<\/li>\n<li>Doutrepont G. <em>La litt\u00e9rature fran\u00e7aise a la cour des Ducs de Bourgogne. <\/em>, Libraire sp\u00e9ciale pour l\u2019histoire de France, 1909, 544 p. (In French).<\/li>\n<li>Durrieu P. Jean sans Peur, duc de Bourgogne, lieutenant et procureur general du Diable \u00e8s parties d\u2019Occident. <em>Annuaire-Bulletin de la Soci\u00e9t\u00e9 de l\u2019histoire de France<\/em>. 1887, vol. XXIV, pt. 2, pp. 193\u2013224. (In French).<\/li>\n<li>Favyn A. <em>Le th\u00e9\u00e2tre d\u2019honneur et de chevalerie, ou L\u2019histoire des orders militaires des roys et princes de la Chrestient\u00e9.<\/em> , Chez Robert Fo\u00fcet, 1620, vol. I, 915 p. (In French).<\/li>\n<li>Gorzolla P. <em>Magie, Politik und Religion. Theologische Magiekritik als politisches Handeln im Frankreich Karls VI. <\/em>M\u00fcnster, LIT Verlag, 2019, 499 S. (In German).<\/li>\n<li>Gr\u00e9vy-Pons N., Ornato E. Qui est l\u2019auteur de la Chronique latine de Charles VI, dite du Religieux de Saint-Denys? <em>Biblioth\u00e8que de l&#8217;\u00e9cole des chartes<\/em>. 1976, vol. 134, livr. 1, pp. 85\u2013102. (In French).<\/li>\n<li>Gruel G. <em>Chronique d\u2019Artur de Richemont, conn\u00e9table de France, duc de Bretagne (1393\u20131458)<\/em>. , Libraire Renouard, 1890, 313 p. (In French).<\/li>\n<li>Guen\u00e9e B. Documents ins\u00e9r\u00e9s et documents abr\u00e8ges dans la Chronique du Religieux de Saint-Denys. <em>Biblioth\u00e8que de l&#8217;\u00e9cole des chartes<\/em>. 1994, vol. 152, livr. 2, pp. 375\u2013428. (In French).<\/li>\n<li><em>Histoire de Charles VI, roy de France par Jean Juvenal des Ursins. Choix de chroniques et m\u00e9moires relatifs a l\u2019histoire de France par J.-A.-C. Buchon<\/em>. Orl\u00e9ans, H. Herluison, 1875, vol. IV, pp. 323\u2013573. (In French).<\/li>\n<li><em>Histoire g\u00e9n\u00e9rale et particuli\u00e8re de Bourgogne. <\/em>Par Dom Plancher. Dijon, Chez Antoine de Fay, 1748, III, 596 p. (In French).<\/li>\n<li>Hutchison E. J. The Politics of Grief in the Outbreak of Civil War in France, 1407\u20131413. <em>Speculum<\/em>. 2016, iss. 2 (91), pp. 422\u2013452.<\/li>\n<li><em>Journal de Nicolas de Baye, greffier du Parlement de Paris. 1400\u20131407. <\/em> par A. Tuetey. P., Libraire Renouard, 1885, vol. I, 350 p. (In French).<\/li>\n<li>Lettres de gr\u00e2ce &amp; d\u2019abolition de Sa Majeti\u00e9, en faveur du Duc Jean, a l\u2019occasion du meurtre commis en la perj\u00f4nne de Loiiis Duc d\u2019Orl\u00e9ans. <em>Histoire g\u00e9n\u00e9rale et particuli\u00e8re de Bourgogne. <\/em>Par Dom Plancher. Dijon, Chez Antoine de Fay, 1748, III, pp. CCLVI\u2013CCLVIII. (In French).<\/li>\n<li><em>M\u00e9moires de Pierre de Fenin, comprenant le r\u00e9cit des \u00e9v\u00e9nement qui se sont passes en France et en Bourgogne sous les r\u00e8gnes de Charles VI et Charles VII (1407\u20131427). <\/em>Par m. Dupont. P., Chez Jules Renouard, 1837, 366 p. (In French).<\/li>\n<li>Molinier A. <em>Les sources de l\u2019histoire de France. Des origins aux guerres d\u2019Italie (1494).<\/em> NY, Burt Franklin, 1851\u20131904, vol. IV: Les Valois, 1328\u20131461, 1901, 354 p. (In French).<\/li>\n<li>Monstrelet E. de. <em>Chronique en deux livres. 1400\u20131444. <\/em>Par L. Dou\u0451t-d\u2019Arcq. P., Jules Renouard, 1857\u20131858, vol. I, 1857, 416 p.; vol. II, 1858, 478 p. (In French).<\/li>\n<li>Vallet de Viriville M. Assassinat du duc d\u2019Orl\u00e9ans par Jean sans Peur, duc de Bourgogne. <em>Le magasin de libraire<\/em><em> litt\u00e9rature, histoire, philosophie, voyages, po\u00e9sie<\/em>. 1859, vol. 7, pp. 241\u2013282. (In French).<\/li>\n<li>Veenestra J. R. <em>Magic and Divination at the Courts of Burgundy and France. Text and Context of Laurens Pignon\u2019s Contre les devineurs (1411)<\/em>. Leiden, NY, Koln, Brill, 1998, 433 p.<\/li>\n<li>Veronese J. Jean sans Peur et la \u201cfoie secte\u201d des devins: enjeux et circonstances de la r\u00e9daction du trait\u00e9 Contre les devineurs (1411) de Laurent Pignon. <em>M\u00e9di\u00e9vales<\/em>. 2001, iss. 40, pp. 113\u2013132. (In French).<\/li>\n<\/ol>\n<p><\/p>","protected":false},"excerpt":{"rendered":"<p>Where did the devil come from after all? (about the sources of The Chronicle of the Monk of Saint-Denys). Pp. 53\u201361. UDC 94(44).026 DOI 10.37724\/RSU.2024.85.4.006 &nbsp; Abstract. The study of the causes of the crisis of the French state in the first quarter of the 15th century remains a major area of medieval studies in [&hellip;]<\/p>\n","protected":false},"author":1,"featured_media":0,"parent":0,"menu_order":0,"comment_status":"closed","ping_status":"closed","template":"","meta":{"footnotes":""},"categories":[],"tags":[],"class_list":["post-6149","page","type-page","status-publish","hentry"],"_links":{"self":[{"href":"https:\/\/vestnik.rsu-rzn.ru\/en\/wp-json\/wp\/v2\/pages\/6149","targetHints":{"allow":["GET"]}}],"collection":[{"href":"https:\/\/vestnik.rsu-rzn.ru\/en\/wp-json\/wp\/v2\/pages"}],"about":[{"href":"https:\/\/vestnik.rsu-rzn.ru\/en\/wp-json\/wp\/v2\/types\/page"}],"author":[{"embeddable":true,"href":"https:\/\/vestnik.rsu-rzn.ru\/en\/wp-json\/wp\/v2\/users\/1"}],"replies":[{"embeddable":true,"href":"https:\/\/vestnik.rsu-rzn.ru\/en\/wp-json\/wp\/v2\/comments?post=6149"}],"version-history":[{"count":0,"href":"https:\/\/vestnik.rsu-rzn.ru\/en\/wp-json\/wp\/v2\/pages\/6149\/revisions"}],"wp:attachment":[{"href":"https:\/\/vestnik.rsu-rzn.ru\/en\/wp-json\/wp\/v2\/media?parent=6149"}],"wp:term":[{"taxonomy":"category","embeddable":true,"href":"https:\/\/vestnik.rsu-rzn.ru\/en\/wp-json\/wp\/v2\/categories?post=6149"},{"taxonomy":"post_tag","embeddable":true,"href":"https:\/\/vestnik.rsu-rzn.ru\/en\/wp-json\/wp\/v2\/tags?post=6149"}],"curies":[{"name":"wp","href":"https:\/\/api.w.org\/{rel}","templated":true}]}}