{"id":6410,"date":"2025-09-29T09:48:12","date_gmt":"2025-09-29T06:48:12","guid":{"rendered":"https:\/\/vestnik.rsu-rzn.ru\/?page_id=6410"},"modified":"2025-09-29T09:48:12","modified_gmt":"2025-09-29T06:48:12","slug":"%d1%88%d0%bc%d0%b8%d0%b4%d1%82-%d0%b2","status":"publish","type":"page","link":"https:\/\/vestnik.rsu-rzn.ru\/en\/%d1%88%d0%bc%d0%b8%d0%b4%d1%82-%d0%b2\/","title":{"rendered":"Schmidt W."},"content":{"rendered":"<p>Walther Rathenau and his views on the colonial policy of imperial Germany. Pp. 93\u2013102<\/p>\n<p><a href=\"https:\/\/vestnik.rsu-rzn.ru\/wp-content\/uploads\/2025\/09\/\u0412\u0435\u0441\u0442\u043d\u0438\u043a-\u2116-3_-2025-\u043c\u0430\u043a\u0435\u0442-93-102.pdf\"><img loading=\"lazy\" decoding=\"async\" class=\"alignnone wp-image-4264 size-full\" src=\"https:\/\/vestnik.rsu-rzn.ru\/wp-content\/uploads\/2020\/04\/pdf-2020.png\" alt=\"\" width=\"68\" height=\"85\" \/><\/a><\/p>\n<p>UDC 94(430)<\/p>\n<p>DOI 10.37724\/RSU.2025.88.3.009<\/p>\n<p>&nbsp;<\/p>\n<p><strong><em>Abstract. <\/em><\/strong>The article examines issues related to the role and activities of Walter Rathenau in assessing the colonial policy of imperial Germany. In the article, the author attempts to use readily available material to present the historical situation that had developed in Kaiser Germany by 1906, for assessment of the colonial policy pursued by the imperial government. Walter Rathenau\u2019s participation in two inspection trips to the African colonies was of great importance in his further political activities. Important source material on this topic includes not only contemporary memoirs, Walter Rathenau&#8217;s correspondence and diary, but also periodical press that reflects, to varying degrees, the significance of his inspection trips to Germany\u2019s African colonies. Periodical publications of that period covered in great detail the situation in the country\u2019s colonial activities, the main contradictions, and the position of Reichstag deputies on this issue. Based on press materials, it is possible not only to trace the attitude of the German population towards the government&#8217;s colonial activities, but also, to a greater extent, to assess the role of the colonial issue and its impact on everyday life of society based on publications in the press. In addition, the article examines Rattenau\u2019s works, which were the result of his visits to German colonies. It should be noted that the complexity of covering this topic is due to the fact that references to Rattenau\u2019s views on colonial issues are sporadic and unsystematic.<\/p>\n<p><strong><em>\u00a0<\/em><\/strong><\/p>\n<p><strong><em>Keywords: <\/em><\/strong>colonial policy, Reichstag, Rathenau and Dernburg, German East Africa, German South-West Africa, ideology of colonialism, periodical press.<\/p>\n<p><strong>\u00a0<\/strong><\/p>\n<p><strong>Bibliography<\/strong><\/p>\n<p><strong>\u00a0<\/strong><\/p>\n<ol>\n<li><em>Badische Presse<\/em>. [Baden Press]. 1907, 3 Sept, iss. 408. (In German).<\/li>\n<li>Bartmuss Hartmut. <em>Bernhard Dernburg Kolonialpolitiker der Kaiserzeit. <\/em>[Bernhard Dernburg, colonial politician of the imperial era]. Berlin, Hentrich &amp; Hentrich Verlag, 2014, 112 p. (In German).<\/li>\n<li>Berglar P. <em>Walther Rathenau: seine Zeit, sein Werk, seine Pers\u00f6nlichkeit.<\/em> [Walther Rathenau: his time, his work, his personality]. Bremen, Sch\u00fcnemann, 1970, 416 p. (In German).<\/li>\n<li>B\u00f6ttcher Helmut M. <em>Walter Rathenau. Pers\u00f6nlichkeit und Werk.<\/em> [Walter Rathenau: Personality and Work]. Bonn, Athen\u00e4um Verlag, 1958, 324 p. (In German).<\/li>\n<li><em>Bundesarchiv Berlin. Akten Reichskolonialamt. R 1001. Akten 301.<\/em> [Federal Archives Berlin. Reich Colonial Office Files. R 1001. Files 301] (In German).<\/li>\n<li><em>D\u00fcrener Zeitung. <\/em>[D\u00fcren Newspaper]. 1907, 14 Dec., iss. 285. (In German).<\/li>\n<li><em>F\u00fcrst von B\u00fclow. Denkw\u00fcrdigkeiten.<\/em> [Prince von B\u00fclow. Memorabilia]. Berlin, Ullstein, 1930, vol. 2, 531 p. (In German). (In German).<\/li>\n<li><em>Hamburgischer Correspondent<\/em>. [Hamburg Correspondent]. 1906, 3 Dec., iss. 613. (In German).<\/li>\n<li>Harmut Pogge \u2014 Strandmann von. <em>Walter Rathenau. Tagebuch 1907\u20131922.<\/em> [Walter Rathenau. Diary 1907\u20131922]. Oxford, Clarendon, 1985, 346 p. (In German).<\/li>\n<li>Kessler H. <em>Walter Rathenau. Sein Leben und sein Werk. <\/em>[Walter Rathenau. His life and work]. Frankfurt am Main, Fischer Taschenbuch Verlag, 1988, 396 p. (In German).<\/li>\n<li><em>Langenberger Zeitung<\/em>. [Langenberg Newspaper]. 1907, July 2, iss. 152. (In German).<\/li>\n<li><em>Ohligser Anzeiger.<\/em> [Ohligs Witness]. 1907, July 29, iss. 175. (In German).<\/li>\n<li>Rathenau, Walter. <em>Gesammelte Schriften. <\/em>[Collected Writings]. Berlin, Fischer, 1925, vol. 1, 306 p. (In German).<\/li>\n<li>Rathenau, Walter. <em>Nachgelassene<\/em> [Posthumous Writings]. Berlin, Fischer, 1928, vol. 1, 276 p. (In German).<\/li>\n<li>Rathenau, Walter. <em>Nachgelassene<\/em> <em>Zweiter Band.<\/em> [Posthumous Writings. Volume Two]. Berlin, Fischer, 1928, 410 p.<\/li>\n<li>Werner Schiefel. <em>Bernhard Dernburg 1865\u20131937. Kolonialpolitiker und Bankier im wilhelminischen Deutschland.<\/em> [Bernhard Dernburg 1865\u20131937. Colonial politician and banker in Wilhelmine Germany]. Zurich, Atlantis Verlag, 1974, 277 p. (In German).<\/li>\n<li>Heinrich Schnee. <em>Als letzter Gouverneur in Deutsch \u2014 Ostafrika.<\/em> [As the last governor in German East Africa]. Heidelberg, Quelle &amp; Meyer, 1964, 186 p. (In German).<\/li>\n<li>Sch\u00f6lzel Christian. <em>Walter Rathenau. Eine Biographie. <\/em>[Walter Rathenau. A Biography]. Paderborn, Ferdinand Sch\u00f6ning Publ., 2006, 648 p. (In German).<\/li>\n<li><em>Schw\u00e4bische Merkur<\/em>. [Swabian Merkury]. 1906, 22 Aug., iss. 390. (In German).<\/li>\n<li><em>Stenographische Berichte \u00fcber Verhandlungen des Deutschen Reichstages.<\/em> [Stenographic reports on the proceedings of the German Reichstag]. Appendix 1906, March 20, vol. 241, p. 2175. (In German).<\/li>\n<li><em>Stenographische Berichte \u00fcber Verhandlungen des Deutschen Reichstages.<\/em> [Stenographic reports on the proceedings of the German Reichstag]. Appendix 1906, 28 Nov., vol. 241., pp. 3957\u20133966. (In German).<\/li>\n<li><em>Usambara \u2014 Post.<\/em> 1909, May 15, iss. 18. (In German).<\/li>\n<li>Velberter Zeitung. [Velbert newspaper]. 1907, May 27. iss. 121. (In German).<\/li>\n<li>Walter Rathenau. <em> Dieter Hellige, Ernst Schulin (Hrsg.).<\/em> [Complete Works. Dieter Hellige, Ernst Schulin (eds.)]. D\u00fcsseldorf, Droste Verlag, 2006, vol. 5, I, 1248 p. (In German).<\/li>\n<li>Walter Rathenau \/ Maximilian Harder. <em>Briefwechsel 1907\u20131920. Dieter Hellige, Ernst Schulin (Hrsg.).<\/em> [Correspondence 1907\u20131920. Dieter Hellige, Ernst Schulin (eds.)]. Berlin, M\u00fcller, 1983, vol. 6, 1077 p. (In German).<\/li>\n<\/ol>\n<p><\/p>","protected":false},"excerpt":{"rendered":"<p>Walther Rathenau and his views on the colonial policy of imperial Germany. Pp. 93\u2013102 UDC 94(430) DOI 10.37724\/RSU.2025.88.3.009 &nbsp; Abstract. The article examines issues related to the role and activities of Walter Rathenau in assessing the colonial policy of imperial Germany. In the article, the author attempts to use readily available material to present the [&hellip;]<\/p>\n","protected":false},"author":1,"featured_media":0,"parent":0,"menu_order":0,"comment_status":"closed","ping_status":"closed","template":"","meta":{"footnotes":""},"categories":[],"tags":[],"class_list":["post-6410","page","type-page","status-publish","hentry"],"_links":{"self":[{"href":"https:\/\/vestnik.rsu-rzn.ru\/en\/wp-json\/wp\/v2\/pages\/6410","targetHints":{"allow":["GET"]}}],"collection":[{"href":"https:\/\/vestnik.rsu-rzn.ru\/en\/wp-json\/wp\/v2\/pages"}],"about":[{"href":"https:\/\/vestnik.rsu-rzn.ru\/en\/wp-json\/wp\/v2\/types\/page"}],"author":[{"embeddable":true,"href":"https:\/\/vestnik.rsu-rzn.ru\/en\/wp-json\/wp\/v2\/users\/1"}],"replies":[{"embeddable":true,"href":"https:\/\/vestnik.rsu-rzn.ru\/en\/wp-json\/wp\/v2\/comments?post=6410"}],"version-history":[{"count":0,"href":"https:\/\/vestnik.rsu-rzn.ru\/en\/wp-json\/wp\/v2\/pages\/6410\/revisions"}],"wp:attachment":[{"href":"https:\/\/vestnik.rsu-rzn.ru\/en\/wp-json\/wp\/v2\/media?parent=6410"}],"wp:term":[{"taxonomy":"category","embeddable":true,"href":"https:\/\/vestnik.rsu-rzn.ru\/en\/wp-json\/wp\/v2\/categories?post=6410"},{"taxonomy":"post_tag","embeddable":true,"href":"https:\/\/vestnik.rsu-rzn.ru\/en\/wp-json\/wp\/v2\/tags?post=6410"}],"curies":[{"name":"wp","href":"https:\/\/api.w.org\/{rel}","templated":true}]}}