{"id":6540,"date":"2026-03-24T07:19:44","date_gmt":"2026-03-24T04:19:44","guid":{"rendered":"https:\/\/vestnik.rsu-rzn.ru\/?page_id=6540"},"modified":"2026-03-24T07:20:55","modified_gmt":"2026-03-24T04:20:55","slug":"6540-2","status":"publish","type":"page","link":"https:\/\/vestnik.rsu-rzn.ru\/en\/6540-2\/","title":{"rendered":""},"content":{"rendered":"<p><\/p>\n<p style=\"text-align: center;\"><strong>Golotina A.I.<\/strong><\/p>\n<hr \/>\n<p><strong><a href=\"https:\/\/vestnik.rsu-rzn.ru\/wp-content\/uploads\/2026\/03\/\u0412\u0435\u0441\u0442\u043d\u0438\u043a-\u2116-190-2026-\u043c\u0430\u043a\u0435\u0442-25-34.pdf\"><img loading=\"lazy\" decoding=\"async\" class=\"alignnone size-full wp-image-6455\" src=\"https:\/\/vestnik.rsu-rzn.ru\/wp-content\/uploads\/2026\/01\/pdf-2020.png\" alt=\"\" width=\"68\" height=\"85\" \/><\/a>\u00a0<\/strong><\/p>\n<p>Duty, honor, and invaluable experience: the Russian campaign of 1812 in Prussian regimental history books of the 19<sup>th<\/sup> century. Pp. 25\u201334.<\/p>\n<p><strong>\u00a0<\/strong><\/p>\n<p>UDC 94(47).072.5:94(930)\u00ab18\u00bb<\/p>\n<p>DOI 10.37724\/RSU.2026.90.1.002<\/p>\n<p><strong>\u00a0<\/strong><\/p>\n<p><strong><em>Abstract.<\/em><\/strong> Napoleon\u2019s Grande Arm\u00e9e that invaded Russia in 1812 included military contingents from many German states. Troops were sent by states of the Rhine Confederation, such as the Kingdom of Bavaria, the Kingdom of Saxony and the Kingdom of W\u00fcrttemberg, as well as by the Kingdom of Prussia and the Austrian Empire, (the latter states were not members of the Confederation). Among these states, Prussia is of particular interest for a number of reasons. Firstly, a large part of those Prussian corps made their way home from Russia. The survivors\u2019 memoirs became the basis for many enduring ideas about this campaign. Secondly, Prussia\u2019s subsequent role as the center of the movement for the liberation of Germany from French rule in the Liberation Wars of 1813\u20131815 was of great importance. In the future, this period would be entrenched in German historical memory as a key milestone in the formation of national self-awareness. Thirdly, the implementation of the Lesser Germany variant of German unification increased the influence of Prussian historical memory on the formation of common German ideas about the events of the early 19<sup>th<\/sup> century. In this regard, the Prussian narratives are of particular value for the formation of common German ideas about the Russian campaign of 1812.<\/p>\n<p>Based on the histories of individual regiments of the Kingdom of Prussia, and then of the German Empire, the article attempts to analyze the image of the Russian campaign of 1812 that developed in Prussia in the 19<sup>th<\/sup> century. It looks into the perception of this campaign by the Prussian military, highlighting the main themes that persisted in the memory of the campaign\u2019s participants and the recurring conclusions. The perception of the reasons for the participation of the Prussian military contingent in the campaign and the assessment of its results are considered. Many narratives associated with this episode of German military history tend to reappear across various sources.<\/p>\n<p><strong><em>\u00a0<\/em><\/strong><\/p>\n<p><strong><em>Keywords:<\/em><\/strong> Prussia, Russian campaign of 1812, retreat of the Grand Army, Napoleon, historical memory, regimental history.<\/p>\n<p><strong><em>\u00a0<\/em><\/strong><\/p>\n<p><strong>Bibliography<\/strong><\/p>\n<p><strong><em>\u00a0<\/em><\/strong><\/p>\n<ol>\n<li>Datsenko P. A. The image of Russia and Russians in the memoirs of German soldiers of the Grand Army of 1812. <em>Frantsuzskiy yezhegodnik<\/em> [French Yearbook]. 2013, vol. 45, pp. 247\u2013271. (In Russian)<\/li>\n<li>Rostislavleva N. V. Reconstruction of the War of 1812 in Karl von Rotteck\u2019s historical narrative (first half of the 19<sup>th<\/sup> century). <em>Istoriya i istoricheskaya pamyat\u2019<\/em> [History and Historical Memory]. 2012, iss. 6, pp. 20\u201330. (In Russian)<\/li>\n<li>Sdvizhkov D. A. 1812 and the common memory of the Holy Alliance. <em>Posle grozy: 1812 god v istoricheskoy pamyati Rossii i Yevropy <\/em>[After the Storm: 1812 in Russian and European Historical Memory] Ed. by D. A. Sdvizhkov. Moscow, Kuchkovo Pole Publ., 2015, pp. 209\u2013236. (In Russian)<\/li>\n<li>Ardenne A. Frhr. v. <em>Geschichte des Zieten\u2019schen Husaren-Regiments<\/em>. Berlin, Ernst Siegfried Mittler and Sohn, 1874, 708 p. (In German)<\/li>\n<li>Bagensky K. v. <em>Geschichte des 9<sup>ten<\/sup> Infanterie-Regiments genannt Colbergsches.<\/em> Kolberg, C. H. Hoft Publ., 1842, 269 p. (In German)<\/li>\n<li>Beutner F. W. <em>Die K\u00f6niglich Preu\u00dfische Garde-Artillerie, insbesondere Geschichte des 1. Garde-Feld-Artillerie-Regiments und des 2. Garde-Feld-Artillerie-Regiments.<\/em> Berlin, Ernst Siegfried Mittler and Sohn, 1889, 426 p. (In German)<\/li>\n<li>Bretsch I. Gro\u00dfg\u00f6rschen. Between Borodino and Waterloo. The time of the Wars of Liberation.<em>. <\/em><em>Napoleon: vor dem Fall.<\/em> Wettin-L\u00f6bej\u00fcn, Stekovics, 2013, pp. 19\u201333. (In German)<\/li>\n<li>Busse M. R. v. <em>Geschichte des K\u00f6niglich Preu\u00dfischen Dreiundzwanzigsten Infanterie-Regiments.<\/em> G\u00f6rlitz, Heynische Buchhandlung, 1859, 239 p. (In German)<\/li>\n<li>Conrady E. v. <em>Geschichte des K\u00f6niglich Preu\u00dfischen Sechsten Infanterie-Regiments von seiner Stiftung im Jahre 1773 bis zu Ende des Jahres 1856. Nach den im geheimen staats-archive und in den Archiven des K\u00f6niglichen Kriegs-Ministerii, des Generalstabes und des Regimentes selbst enthaltenen quellen.<\/em> Glogau, C. Flemming Publ., 1857, 376 p. (In German)<\/li>\n<li>Dziengel J. D. v. <em>Geschichte des k\u00f6niglichen Zweiten Ulanen-Regiments<\/em><em>.<\/em> Potsdam, Riegelische Buchhandlung, 1858, 520 p. (In German)<\/li>\n<li>Friccius K. F. <em>Zur Geschichte der Errichtung der Landwehr in Ost- und Westpreu\u00dfen u. in Litauen im Jahre 1813.<\/em> Berlin, 1838, 26 p. (In German)<\/li>\n<li>Fr\u00f6bing G. C. <em>Geschichte des 3<sup>ten<\/sup> Kurm\u00e4rkischen Landwehr-Infanterie- und Kavallerie-Regiments, nebst einer vorausgeschickten historischen Darstellung der politischen Ereignisse, durch welche das Landwehr-Institut hervorgerufen und ins Leben getreten.<\/em> Frankfurt an der Oder, Gustav Harnecker &amp; Co., 1842, 240 p. (In German)<\/li>\n<li>Goltz G. F. G. <em>Geschichte des K\u00f6niglich Preu\u00dfischen dritten Ulanen-Regiments.<\/em> F\u00fcrstenwalde, L. Schubert Publ., 1841, 256 p. (In German)<\/li>\n<li>Jung A. <em>Geschichte des K\u00f6niglich Preu\u00dfischen Feldartillerie-Regiments Nr. 15 und seiner Stamm-Batterien.<\/em> Berlin, Ernst Siegfried Mittler and Sohn, 1896, 455 p. (In German)<\/li>\n<li>K\u00fchn T. <em>Der Befreiungskrieg. <\/em><em>Russlands Feldzug nach Westen. <\/em>Neckenmarkt, United P. C., 2014, 225 p. (In German)<\/li>\n<li>Lange E. <em>Geschichte der preu\u00dfischen Landwehr seit Entstehung derselben bis zum Jahre 1856: historisch dargestellt.<\/em> Berlin, Allgemeine Deutsche Verlags-Anstalt, 1857, 453 p. (In German)<\/li>\n<li>Leszczynski R. v. <em>50 Jahre Geschichte des K\u00f6niglich Preu\u00dfischen 2. <\/em><em>Posenschen Infanterie-Regiments Nr. 19.<\/em> Luxembourg, Peter Br\u00fcck Publ., 1863, 325 p. (In German)<\/li>\n<li>Lippe-Weissenfeld E. z. <em>Geschichte des K\u00f6nigl. Preu\u00df. 6. Husaren-Regiments (ehedem 2. Schlesischen). <\/em>Berlin, Royal Secret Court Printing Office, R. Decker, 1860, 398 p. (In German)<\/li>\n<li>Lossow O. K. v. <em>Geschichte des Grenadier-Regiments K\u00f6nig Friedrich I. (4. Ostpreu\u00dfischen) Nr. 5.<\/em> <em>Zweiter Band. <\/em><em>Zeitraum von 1713 bis 1815.<\/em> Berlin, Ernst Siegfried Mittler and Sohn, 1901, 520 p. (In German)<\/li>\n<li>Mach A. v. <em>Geschichte des K\u00f6niglich Preu\u00dfischen Zweiten Infanterie- genannt K\u00f6nigs-Regiments seit dessen Stiftung im Jahre 1677 bis zum 3. <\/em><em>Dezember 1840.<\/em> Berlin; Posen; Bromberg, Ernst Siegfried Mittler and Sohn, 1843, 527 p. (In German)<\/li>\n<li>Oelsnitz A. C. v. d. <em>Geschichte des K\u00f6niglich Preu\u00dfischen Ersten Infanterie-Regiments seit seiner Stiftung im Jahre 1619 bis zur Gegenwart.<\/em> Berlin, Ernst Siegfried Mittler and Sohn, 1855, 960 p. (In German)<\/li>\n<li>Probst F. P. v. <em>Geschichte des K\u00f6niglich-Preu\u00dfischen Zweiten Dragoner-Regiments. <\/em>Schwedt, J. C. W. Jantzen Publ., 1829, 166 p. (In German)<\/li>\n<li>Scharf C. Napoleon\u2019s Russian campaign of 1812.<em> Sachsen, Preu\u00dfen und Napoleon: Europa in der Zeit von 1806\u20131815. <\/em><em> von Uwe Niedersen.<\/em> Torgau, F\u00f6rderverein Europa Begegnungen; Dresden, S\u00e4chsische Landeszentrale f\u00fcr politische Bildung, 2013, pp. 180\u2013187. (In German)<\/li>\n<li>Schoening K. W. W. G. v. <em>Geschichte des K\u00f6niglich Preu\u00dfischen Regiments Garde du Corps zu seinem hundertj\u00e4hrigen Jubelfeste.<\/em> Berlin, Unger, 1840, 344 p. (In German)<\/li>\n<li>Schoening K. W. G. von. <em>Geschichte des k\u00f6niglich preu\u00dfischen F\u00fcnften Husaren-Regiments,<\/em> <em>mit besonderer R\u00fccksicht auf Gebhard Lebrecht von Bl\u00fccher, den ehemaligen Chef dieses Regimentes.<\/em> Berlin, C. G. L\u00fcderitz, 1843, 568 p. (In German)<\/li>\n<li>Tyszka K. W. v. <em>Geschichte des K\u00f6nigl. Preu\u00dfischen 1sten Dragoner-Regiments, seit dessen Stiftung im Jahr 1717 bis auf gegenw\u00e4rtige Zeit.<\/em> Rastenburg, August Haberland Publ., 1837, 408 p. (In German)<\/li>\n<\/ol>\n<p><\/p>","protected":false},"excerpt":{"rendered":"<p>Golotina A.I. \u00a0 Duty, honor, and invaluable experience: the Russian campaign of 1812 in Prussian regimental history books of the 19th century. Pp. 25\u201334. \u00a0 UDC 94(47).072.5:94(930)\u00ab18\u00bb DOI 10.37724\/RSU.2026.90.1.002 \u00a0 Abstract. Napoleon\u2019s Grande Arm\u00e9e that invaded Russia in 1812 included military contingents from many German states. Troops were sent by states of the Rhine Confederation, [&hellip;]<\/p>\n","protected":false},"author":1,"featured_media":0,"parent":0,"menu_order":0,"comment_status":"closed","ping_status":"closed","template":"","meta":{"footnotes":""},"categories":[],"tags":[],"class_list":["post-6540","page","type-page","status-publish","hentry"],"_links":{"self":[{"href":"https:\/\/vestnik.rsu-rzn.ru\/en\/wp-json\/wp\/v2\/pages\/6540","targetHints":{"allow":["GET"]}}],"collection":[{"href":"https:\/\/vestnik.rsu-rzn.ru\/en\/wp-json\/wp\/v2\/pages"}],"about":[{"href":"https:\/\/vestnik.rsu-rzn.ru\/en\/wp-json\/wp\/v2\/types\/page"}],"author":[{"embeddable":true,"href":"https:\/\/vestnik.rsu-rzn.ru\/en\/wp-json\/wp\/v2\/users\/1"}],"replies":[{"embeddable":true,"href":"https:\/\/vestnik.rsu-rzn.ru\/en\/wp-json\/wp\/v2\/comments?post=6540"}],"version-history":[{"count":0,"href":"https:\/\/vestnik.rsu-rzn.ru\/en\/wp-json\/wp\/v2\/pages\/6540\/revisions"}],"wp:attachment":[{"href":"https:\/\/vestnik.rsu-rzn.ru\/en\/wp-json\/wp\/v2\/media?parent=6540"}],"wp:term":[{"taxonomy":"category","embeddable":true,"href":"https:\/\/vestnik.rsu-rzn.ru\/en\/wp-json\/wp\/v2\/categories?post=6540"},{"taxonomy":"post_tag","embeddable":true,"href":"https:\/\/vestnik.rsu-rzn.ru\/en\/wp-json\/wp\/v2\/tags?post=6540"}],"curies":[{"name":"wp","href":"https:\/\/api.w.org\/{rel}","templated":true}]}}